{"id":191,"date":"2025-06-10T10:38:04","date_gmt":"2025-06-10T08:38:04","guid":{"rendered":"https:\/\/www.skateparks-transalp.fr\/?page_id=191"},"modified":"2025-07-07T16:23:15","modified_gmt":"2025-07-07T14:23:15","slug":"wheelparks-streetpark1","status":"publish","type":"page","link":"https:\/\/www.skateparks-transalp.fr\/index.php\/wheelparks-streetpark1\/","title":{"rendered":"StreetPark1"},"content":{"rendered":"\n<div class=\"wp-block-cover alignfull wp-duotone-unset-1\" style=\"min-height:274px;aspect-ratio:unset;\"><img loading=\"lazy\" decoding=\"async\" width=\"2560\" height=\"772\" class=\"wp-block-cover__image-background wp-image-192 size-full\" alt=\"Wheelparks - Streetparks\" src=\"https:\/\/www.skateparks-transalp.fr\/wp-content\/uploads\/2025\/07\/Wheelparks_StreetPark-scaled.jpg\" style=\"object-position:53% 64%\" data-object-fit=\"cover\" data-object-position=\"53% 64%\" srcset=\"https:\/\/www.skateparks-transalp.fr\/wp-content\/uploads\/2025\/07\/Wheelparks_StreetPark-scaled.jpg 2560w, https:\/\/www.skateparks-transalp.fr\/wp-content\/uploads\/2025\/07\/Wheelparks_StreetPark-300x90.jpg 300w, https:\/\/www.skateparks-transalp.fr\/wp-content\/uploads\/2025\/07\/Wheelparks_StreetPark-1024x309.jpg 1024w, https:\/\/www.skateparks-transalp.fr\/wp-content\/uploads\/2025\/07\/Wheelparks_StreetPark-768x232.jpg 768w, https:\/\/www.skateparks-transalp.fr\/wp-content\/uploads\/2025\/07\/Wheelparks_StreetPark-1536x463.jpg 1536w, https:\/\/www.skateparks-transalp.fr\/wp-content\/uploads\/2025\/07\/Wheelparks_StreetPark-2048x618.jpg 2048w\" sizes=\"auto, (max-width: 2560px) 100vw, 2560px\" \/><span aria-hidden=\"true\" class=\"wp-block-cover__background has-background-dim\"><\/span><div class=\"wp-block-cover__inner-container is-layout-flow wp-block-cover-is-layout-flow\">\n<div class=\"inherit-container-width wp-block-group alignwide is-layout-constrained wp-block-group-is-layout-constrained\">\n<h2 class=\"wp-block-heading has-text-align-center has-ast-global-color-5-color has-text-color has-link-color wp-elements-cc64deaf1f7497f29758db42752d1286\">STREETPARK 1<\/h2>\n<\/div>\n<\/div><\/div>\n\n\n\n<div style=\"height:24px\" aria-hidden=\"true\" class=\"wp-block-spacer\"><\/div>\n\n\n\n<p>Les dimensions et les formes de nos modules SUNSET ont \u00e9t\u00e9 r\u00e9fl\u00e9chies pour garantir leur fonctionnalit\u00e9 et pour les rendre combinables. Les mat\u00e9riaux assurent une r\u00e9duction des chocs et favorisent l&rsquo;apprentissage des acrobaties en tout s\u00e9curit\u00e9. Cette solution est \u00e9galement \u00e9volutive pour apporter de la nouveaut\u00e9 aux pratiquants ou r\u00e9partir les d\u00e9penses des collectivit\u00e9s dans le temps.<\/p>\n\n\n\n<h3 class=\"wp-block-heading\">STREETPARK 1<\/h3>\n\n\n\n<figure class=\"wp-block-image aligncenter size-large\"><img loading=\"lazy\" decoding=\"async\" width=\"1024\" height=\"531\" src=\"https:\/\/www.skateparks-transalp.fr\/wp-content\/uploads\/2025\/07\/S1-44-1024x531.jpg\" alt=\"\" class=\"wp-image-199\" srcset=\"https:\/\/www.skateparks-transalp.fr\/wp-content\/uploads\/2025\/07\/S1-44-1024x531.jpg 1024w, https:\/\/www.skateparks-transalp.fr\/wp-content\/uploads\/2025\/07\/S1-44-300x156.jpg 300w, https:\/\/www.skateparks-transalp.fr\/wp-content\/uploads\/2025\/07\/S1-44-768x398.jpg 768w, https:\/\/www.skateparks-transalp.fr\/wp-content\/uploads\/2025\/07\/S1-44-1536x796.jpg 1536w, https:\/\/www.skateparks-transalp.fr\/wp-content\/uploads\/2025\/07\/S1-44.jpg 1800w\" sizes=\"auto, (max-width: 1024px) 100vw, 1024px\" \/><\/figure>\n\n\n\n<p><strong>Surface minimum pr\u00e9conis\u00e9e<\/strong> | 294 m2 (24,5 x 12 m)<br><strong>Pratiques<\/strong> | skateboard (tous niveaux) &#8211; trottinette (tous niveaus) &#8211; roller (d\u00e9butant)<br><strong>Finitions<\/strong> | sabl\u00e9e &#8211; laqu\u00e9 &#8211; b\u00e9ton<br><strong>D\u00e9tail des modules<\/strong><\/p>\n\n\n\n<ul class=\"wp-block-list\">\n<li>Quarter QR-152<\/li>\n\n\n\n<li>Flat rail RL-132-R8<\/li>\n\n\n\n<li>Demi-pyramide JB-532<\/li>\n\n\n\n<li>Rainbow ledge LG-455-CR<\/li>\n\n\n\n<li>Manual roof MP-346-C<\/li>\n\n\n\n<li>Bank box BK-242-C<\/li>\n<\/ul>\n\n\n\n<h3 class=\"wp-block-heading\">Configurations interm\u00e9diaires<\/h3>\n\n\n\n<div class=\"wp-block-columns alignfull are-vertically-aligned-top is-layout-flex wp-container-core-columns-is-layout-28f84493 wp-block-columns-is-layout-flex\">\n<div class=\"wp-block-column is-vertically-aligned-top is-layout-flow wp-block-column-is-layout-flow\">\n<figure class=\"wp-block-image size-full\"><img loading=\"lazy\" decoding=\"async\" width=\"788\" height=\"255\" src=\"https:\/\/www.skateparks-transalp.fr\/wp-content\/uploads\/2025\/07\/S1-14.jpg\" alt=\"\" class=\"wp-image-202\" srcset=\"https:\/\/www.skateparks-transalp.fr\/wp-content\/uploads\/2025\/07\/S1-14.jpg 788w, https:\/\/www.skateparks-transalp.fr\/wp-content\/uploads\/2025\/07\/S1-14-300x97.jpg 300w, https:\/\/www.skateparks-transalp.fr\/wp-content\/uploads\/2025\/07\/S1-14-768x249.jpg 768w\" sizes=\"auto, (max-width: 788px) 100vw, 788px\" \/><\/figure>\n<\/div>\n\n\n\n<div class=\"wp-block-column is-vertically-aligned-top is-layout-flow wp-block-column-is-layout-flow\">\n<figure class=\"wp-block-image size-full\"><img loading=\"lazy\" decoding=\"async\" width=\"788\" height=\"255\" src=\"https:\/\/www.skateparks-transalp.fr\/wp-content\/uploads\/2025\/07\/S1-24.jpg\" alt=\"\" class=\"wp-image-203\" srcset=\"https:\/\/www.skateparks-transalp.fr\/wp-content\/uploads\/2025\/07\/S1-24.jpg 788w, https:\/\/www.skateparks-transalp.fr\/wp-content\/uploads\/2025\/07\/S1-24-300x97.jpg 300w, https:\/\/www.skateparks-transalp.fr\/wp-content\/uploads\/2025\/07\/S1-24-768x249.jpg 768w\" sizes=\"auto, (max-width: 788px) 100vw, 788px\" \/><\/figure>\n<\/div>\n\n\n\n<div class=\"wp-block-column is-vertically-aligned-top is-layout-flow wp-block-column-is-layout-flow\">\n<figure class=\"wp-block-image size-full\"><img loading=\"lazy\" decoding=\"async\" width=\"788\" height=\"255\" src=\"https:\/\/www.skateparks-transalp.fr\/wp-content\/uploads\/2025\/07\/S1-34.jpg\" alt=\"\" class=\"wp-image-204\" srcset=\"https:\/\/www.skateparks-transalp.fr\/wp-content\/uploads\/2025\/07\/S1-34.jpg 788w, https:\/\/www.skateparks-transalp.fr\/wp-content\/uploads\/2025\/07\/S1-34-300x97.jpg 300w, https:\/\/www.skateparks-transalp.fr\/wp-content\/uploads\/2025\/07\/S1-34-768x249.jpg 768w\" sizes=\"auto, (max-width: 788px) 100vw, 788px\" \/><\/figure>\n<\/div>\n<\/div>\n\n\n\n<div class=\"wp-block-group alignfull has-ast-global-color-6-background-color has-background is-layout-constrained wp-container-core-group-is-layout-aecb9df3 wp-block-group-is-layout-constrained\" id=\"contact\" style=\"padding-top:104px;padding-bottom:104px;background-image:url(&apos;https:\/\/www.skateparks-transalp.fr\/wp-content\/uploads\/2025\/06\/Wheelparks_technique-scaled.jpg&apos;);background-size:cover;\">\n<h2 class=\"wp-block-heading has-text-align-center has-text-color\" style=\"color:#ffffff\">\u00c9quipements<\/h2>\n\n\n\n<p class=\"has-text-align-center has-ast-global-color-5-color has-text-color has-link-color wp-elements-0f9c5938ae310bbec935ba2c8e8bf00d\">Des modules vari\u00e9s et combinables pour des am\u00e9nagement polyvalents et \u00e9volutifs<\/p>\n\n\n\n<div class=\"wp-block-buttons alignwide is-horizontal is-content-justification-center is-layout-flex wp-container-core-buttons-is-layout-bba8380a wp-block-buttons-is-layout-flex\" style=\"margin-top:50px\">\n<div class=\"wp-block-button is-style-fill\"><a class=\"wp-block-button__link wp-element-button\" href=\"https:\/\/www.skateparks-transalp.fr\/index.php\/wheelparks-les-equipements\/\">En savoir plus<\/a><\/div>\n<\/div>\n<\/div>\n\n\n\n<p><\/p>\n","protected":false},"excerpt":{"rendered":"<p>Les dimensions et les formes de nos modules SUNSET ont \u00e9t\u00e9 r\u00e9fl\u00e9chies pour garantir leur fonctionnalit\u00e9 et pour les rendre [&hellip;]<\/p>\n","protected":false},"author":1,"featured_media":0,"parent":0,"menu_order":0,"comment_status":"closed","ping_status":"closed","template":"","meta":{"site-sidebar-layout":"no-sidebar","site-content-layout":"plain-container","ast-site-content-layout":"default","site-content-style":"default","site-sidebar-style":"default","ast-global-header-display":"","ast-banner-title-visibility":"","ast-main-header-display":"","ast-hfb-above-header-display":"","ast-hfb-below-header-display":"","ast-hfb-mobile-header-display":"","site-post-title":"disabled","ast-breadcrumbs-content":"","ast-featured-img":"","footer-sml-layout":"","theme-transparent-header-meta":"enabled","adv-header-id-meta":"","stick-header-meta":"","header-above-stick-meta":"","header-main-stick-meta":"","header-below-stick-meta":"","astra-migrate-meta-layouts":"default","ast-page-background-enabled":"default","ast-page-background-meta":{"desktop":{"background-color":"var(--ast-global-color-5)","background-image":"","background-repeat":"repeat","background-position":"center center","background-size":"auto","background-attachment":"scroll","background-type":"","background-media":"","overlay-type":"","overlay-color":"","overlay-opacity":"","overlay-gradient":""},"tablet":{"background-color":"","background-image":"","background-repeat":"repeat","background-position":"center center","background-size":"auto","background-attachment":"scroll","background-type":"","background-media":"","overlay-type":"","overlay-color":"","overlay-opacity":"","overlay-gradient":""},"mobile":{"background-color":"","background-image":"","background-repeat":"repeat","background-position":"center center","background-size":"auto","background-attachment":"scroll","background-type":"","background-media":"","overlay-type":"","overlay-color":"","overlay-opacity":"","overlay-gradient":""}},"ast-content-background-meta":{"desktop":{"background-color":"var(--ast-global-color-4)","background-image":"","background-repeat":"repeat","background-position":"center center","background-size":"auto","background-attachment":"scroll","background-type":"","background-media":"","overlay-type":"","overlay-color":"","overlay-opacity":"","overlay-gradient":""},"tablet":{"background-color":"var(--ast-global-color-4)","background-image":"","background-repeat":"repeat","background-position":"center center","background-size":"auto","background-attachment":"scroll","background-type":"","background-media":"","overlay-type":"","overlay-color":"","overlay-opacity":"","overlay-gradient":""},"mobile":{"background-color":"var(--ast-global-color-4)","background-image":"","background-repeat":"repeat","background-position":"center center","background-size":"auto","background-attachment":"scroll","background-type":"","background-media":"","overlay-type":"","overlay-color":"","overlay-opacity":"","overlay-gradient":""}},"footnotes":""},"class_list":["post-191","page","type-page","status-publish","hentry"],"yoast_head":"<!-- This site is optimized with the Yoast SEO plugin v25.3.1 - https:\/\/yoast.com\/wordpress\/plugins\/seo\/ -->\n<title>StreetPark1 - Wheelparks<\/title>\n<meta name=\"description\" content=\"Transalp pr\u00e9sente l&#039;\u00e9quipement StreetPark1 et ses modules Sunset combinables et modulables pour la pratique de la glisse urbaine.\" \/>\n<meta name=\"robots\" content=\"index, follow, max-snippet:-1, max-image-preview:large, max-video-preview:-1\" \/>\n<link rel=\"canonical\" href=\"https:\/\/www.skateparks-transalp.fr\/index.php\/wheelparks-streetpark1\/\" \/>\n<meta property=\"og:locale\" content=\"fr_FR\" \/>\n<meta property=\"og:type\" content=\"article\" \/>\n<meta property=\"og:title\" content=\"StreetPark1 - Wheelparks\" \/>\n<meta property=\"og:description\" content=\"Transalp pr\u00e9sente l&#039;\u00e9quipement StreetPark1 et ses modules Sunset combinables et modulables pour la pratique de la glisse urbaine.\" \/>\n<meta property=\"og:url\" content=\"https:\/\/www.skateparks-transalp.fr\/index.php\/wheelparks-streetpark1\/\" \/>\n<meta property=\"og:site_name\" content=\"Wheelparks\" \/>\n<meta property=\"article:modified_time\" content=\"2025-07-07T14:23:15+00:00\" \/>\n<meta property=\"og:image\" content=\"https:\/\/www.skateparks-transalp.fr\/wp-content\/uploads\/2025\/07\/Wheelparks_StreetPark-scaled.jpg\" \/>\n\t<meta property=\"og:image:width\" content=\"2560\" \/>\n\t<meta property=\"og:image:height\" content=\"772\" \/>\n\t<meta property=\"og:image:type\" content=\"image\/jpeg\" \/>\n<meta name=\"twitter:card\" content=\"summary_large_image\" \/>\n<meta name=\"twitter:label1\" content=\"Dur\u00e9e de lecture estim\u00e9e\" \/>\n\t<meta name=\"twitter:data1\" content=\"2 minutes\" \/>\n<script type=\"application\/ld+json\" class=\"yoast-schema-graph\">{\"@context\":\"https:\/\/schema.org\",\"@graph\":[{\"@type\":\"WebPage\",\"@id\":\"https:\/\/www.skateparks-transalp.fr\/index.php\/wheelparks-streetpark1\/\",\"url\":\"https:\/\/www.skateparks-transalp.fr\/index.php\/wheelparks-streetpark1\/\",\"name\":\"StreetPark1 - Wheelparks\",\"isPartOf\":{\"@id\":\"https:\/\/www.skateparks-transalp.fr\/#website\"},\"primaryImageOfPage\":{\"@id\":\"https:\/\/www.skateparks-transalp.fr\/index.php\/wheelparks-streetpark1\/#primaryimage\"},\"image\":{\"@id\":\"https:\/\/www.skateparks-transalp.fr\/index.php\/wheelparks-streetpark1\/#primaryimage\"},\"thumbnailUrl\":\"https:\/\/www.skateparks-transalp.fr\/wp-content\/uploads\/2025\/07\/Wheelparks_StreetPark-scaled.jpg\",\"datePublished\":\"2025-06-10T08:38:04+00:00\",\"dateModified\":\"2025-07-07T14:23:15+00:00\",\"description\":\"Transalp pr\u00e9sente l'\u00e9quipement StreetPark1 et ses modules Sunset combinables et modulables pour la pratique de la glisse urbaine.\",\"breadcrumb\":{\"@id\":\"https:\/\/www.skateparks-transalp.fr\/index.php\/wheelparks-streetpark1\/#breadcrumb\"},\"inLanguage\":\"fr-FR\",\"potentialAction\":[{\"@type\":\"ReadAction\",\"target\":[\"https:\/\/www.skateparks-transalp.fr\/index.php\/wheelparks-streetpark1\/\"]}]},{\"@type\":\"ImageObject\",\"inLanguage\":\"fr-FR\",\"@id\":\"https:\/\/www.skateparks-transalp.fr\/index.php\/wheelparks-streetpark1\/#primaryimage\",\"url\":\"https:\/\/www.skateparks-transalp.fr\/wp-content\/uploads\/2025\/07\/Wheelparks_StreetPark-scaled.jpg\",\"contentUrl\":\"https:\/\/www.skateparks-transalp.fr\/wp-content\/uploads\/2025\/07\/Wheelparks_StreetPark-scaled.jpg\",\"width\":2560,\"height\":772,\"caption\":\"Wheelparks - Streetparks\"},{\"@type\":\"BreadcrumbList\",\"@id\":\"https:\/\/www.skateparks-transalp.fr\/index.php\/wheelparks-streetpark1\/#breadcrumb\",\"itemListElement\":[{\"@type\":\"ListItem\",\"position\":1,\"name\":\"Accueil\",\"item\":\"https:\/\/www.skateparks-transalp.fr\/\"},{\"@type\":\"ListItem\",\"position\":2,\"name\":\"StreetPark1\"}]},{\"@type\":\"WebSite\",\"@id\":\"https:\/\/www.skateparks-transalp.fr\/#website\",\"url\":\"https:\/\/www.skateparks-transalp.fr\/\",\"name\":\"Wheelparks\",\"description\":\"\u00c9quipements de skatepark par Transalp\",\"publisher\":{\"@id\":\"https:\/\/www.skateparks-transalp.fr\/#organization\"},\"potentialAction\":[{\"@type\":\"SearchAction\",\"target\":{\"@type\":\"EntryPoint\",\"urlTemplate\":\"https:\/\/www.skateparks-transalp.fr\/?s={search_term_string}\"},\"query-input\":{\"@type\":\"PropertyValueSpecification\",\"valueRequired\":true,\"valueName\":\"search_term_string\"}}],\"inLanguage\":\"fr-FR\"},{\"@type\":\"Organization\",\"@id\":\"https:\/\/www.skateparks-transalp.fr\/#organization\",\"name\":\"Wheelparks\",\"url\":\"https:\/\/www.skateparks-transalp.fr\/\",\"logo\":{\"@type\":\"ImageObject\",\"inLanguage\":\"fr-FR\",\"@id\":\"https:\/\/www.skateparks-transalp.fr\/#\/schema\/logo\/image\/\",\"url\":\"https:\/\/www.skateparks-transalp.fr\/wp-content\/uploads\/2025\/06\/cropped-logo-WHEELPARKS-transalp-jaune-blanc-scaled-1.png\",\"contentUrl\":\"https:\/\/www.skateparks-transalp.fr\/wp-content\/uploads\/2025\/06\/cropped-logo-WHEELPARKS-transalp-jaune-blanc-scaled-1.png\",\"width\":2560,\"height\":621,\"caption\":\"Wheelparks\"},\"image\":{\"@id\":\"https:\/\/www.skateparks-transalp.fr\/#\/schema\/logo\/image\/\"}}]}<\/script>\n<!-- \/ Yoast SEO plugin. -->","yoast_head_json":{"title":"StreetPark1 - Wheelparks","description":"Transalp pr\u00e9sente l'\u00e9quipement StreetPark1 et ses modules Sunset combinables et modulables pour la pratique de la glisse urbaine.","robots":{"index":"index","follow":"follow","max-snippet":"max-snippet:-1","max-image-preview":"max-image-preview:large","max-video-preview":"max-video-preview:-1"},"canonical":"https:\/\/www.skateparks-transalp.fr\/index.php\/wheelparks-streetpark1\/","og_locale":"fr_FR","og_type":"article","og_title":"StreetPark1 - Wheelparks","og_description":"Transalp pr\u00e9sente l'\u00e9quipement StreetPark1 et ses modules Sunset combinables et modulables pour la pratique de la glisse urbaine.","og_url":"https:\/\/www.skateparks-transalp.fr\/index.php\/wheelparks-streetpark1\/","og_site_name":"Wheelparks","article_modified_time":"2025-07-07T14:23:15+00:00","og_image":[{"width":2560,"height":772,"url":"https:\/\/www.skateparks-transalp.fr\/wp-content\/uploads\/2025\/07\/Wheelparks_StreetPark-scaled.jpg","type":"image\/jpeg"}],"twitter_card":"summary_large_image","twitter_misc":{"Dur\u00e9e de lecture estim\u00e9e":"2 minutes"},"schema":{"@context":"https:\/\/schema.org","@graph":[{"@type":"WebPage","@id":"https:\/\/www.skateparks-transalp.fr\/index.php\/wheelparks-streetpark1\/","url":"https:\/\/www.skateparks-transalp.fr\/index.php\/wheelparks-streetpark1\/","name":"StreetPark1 - Wheelparks","isPartOf":{"@id":"https:\/\/www.skateparks-transalp.fr\/#website"},"primaryImageOfPage":{"@id":"https:\/\/www.skateparks-transalp.fr\/index.php\/wheelparks-streetpark1\/#primaryimage"},"image":{"@id":"https:\/\/www.skateparks-transalp.fr\/index.php\/wheelparks-streetpark1\/#primaryimage"},"thumbnailUrl":"https:\/\/www.skateparks-transalp.fr\/wp-content\/uploads\/2025\/07\/Wheelparks_StreetPark-scaled.jpg","datePublished":"2025-06-10T08:38:04+00:00","dateModified":"2025-07-07T14:23:15+00:00","description":"Transalp pr\u00e9sente l'\u00e9quipement StreetPark1 et ses modules Sunset combinables et modulables pour la pratique de la glisse urbaine.","breadcrumb":{"@id":"https:\/\/www.skateparks-transalp.fr\/index.php\/wheelparks-streetpark1\/#breadcrumb"},"inLanguage":"fr-FR","potentialAction":[{"@type":"ReadAction","target":["https:\/\/www.skateparks-transalp.fr\/index.php\/wheelparks-streetpark1\/"]}]},{"@type":"ImageObject","inLanguage":"fr-FR","@id":"https:\/\/www.skateparks-transalp.fr\/index.php\/wheelparks-streetpark1\/#primaryimage","url":"https:\/\/www.skateparks-transalp.fr\/wp-content\/uploads\/2025\/07\/Wheelparks_StreetPark-scaled.jpg","contentUrl":"https:\/\/www.skateparks-transalp.fr\/wp-content\/uploads\/2025\/07\/Wheelparks_StreetPark-scaled.jpg","width":2560,"height":772,"caption":"Wheelparks - Streetparks"},{"@type":"BreadcrumbList","@id":"https:\/\/www.skateparks-transalp.fr\/index.php\/wheelparks-streetpark1\/#breadcrumb","itemListElement":[{"@type":"ListItem","position":1,"name":"Accueil","item":"https:\/\/www.skateparks-transalp.fr\/"},{"@type":"ListItem","position":2,"name":"StreetPark1"}]},{"@type":"WebSite","@id":"https:\/\/www.skateparks-transalp.fr\/#website","url":"https:\/\/www.skateparks-transalp.fr\/","name":"Wheelparks","description":"\u00c9quipements de skatepark par Transalp","publisher":{"@id":"https:\/\/www.skateparks-transalp.fr\/#organization"},"potentialAction":[{"@type":"SearchAction","target":{"@type":"EntryPoint","urlTemplate":"https:\/\/www.skateparks-transalp.fr\/?s={search_term_string}"},"query-input":{"@type":"PropertyValueSpecification","valueRequired":true,"valueName":"search_term_string"}}],"inLanguage":"fr-FR"},{"@type":"Organization","@id":"https:\/\/www.skateparks-transalp.fr\/#organization","name":"Wheelparks","url":"https:\/\/www.skateparks-transalp.fr\/","logo":{"@type":"ImageObject","inLanguage":"fr-FR","@id":"https:\/\/www.skateparks-transalp.fr\/#\/schema\/logo\/image\/","url":"https:\/\/www.skateparks-transalp.fr\/wp-content\/uploads\/2025\/06\/cropped-logo-WHEELPARKS-transalp-jaune-blanc-scaled-1.png","contentUrl":"https:\/\/www.skateparks-transalp.fr\/wp-content\/uploads\/2025\/06\/cropped-logo-WHEELPARKS-transalp-jaune-blanc-scaled-1.png","width":2560,"height":621,"caption":"Wheelparks"},"image":{"@id":"https:\/\/www.skateparks-transalp.fr\/#\/schema\/logo\/image\/"}}]}},"_links":{"self":[{"href":"https:\/\/www.skateparks-transalp.fr\/index.php\/wp-json\/wp\/v2\/pages\/191","targetHints":{"allow":["GET"]}}],"collection":[{"href":"https:\/\/www.skateparks-transalp.fr\/index.php\/wp-json\/wp\/v2\/pages"}],"about":[{"href":"https:\/\/www.skateparks-transalp.fr\/index.php\/wp-json\/wp\/v2\/types\/page"}],"author":[{"embeddable":true,"href":"https:\/\/www.skateparks-transalp.fr\/index.php\/wp-json\/wp\/v2\/users\/1"}],"replies":[{"embeddable":true,"href":"https:\/\/www.skateparks-transalp.fr\/index.php\/wp-json\/wp\/v2\/comments?post=191"}],"version-history":[{"count":7,"href":"https:\/\/www.skateparks-transalp.fr\/index.php\/wp-json\/wp\/v2\/pages\/191\/revisions"}],"predecessor-version":[{"id":256,"href":"https:\/\/www.skateparks-transalp.fr\/index.php\/wp-json\/wp\/v2\/pages\/191\/revisions\/256"}],"wp:attachment":[{"href":"https:\/\/www.skateparks-transalp.fr\/index.php\/wp-json\/wp\/v2\/media?parent=191"}],"curies":[{"name":"wp","href":"https:\/\/api.w.org\/{rel}","templated":true}]}}