{"id":117,"date":"2025-06-10T10:38:04","date_gmt":"2025-06-10T08:38:04","guid":{"rendered":"https:\/\/www.skateparks-transalp.fr\/?page_id=117"},"modified":"2025-09-04T15:35:19","modified_gmt":"2025-09-04T13:35:19","slug":"wheelparks-demande-de-park-en-mairie","status":"publish","type":"page","link":"https:\/\/www.skateparks-transalp.fr\/index.php\/wheelparks-demande-de-park-en-mairie\/","title":{"rendered":"Wheelparks &#8211; Demande de park en mairie"},"content":{"rendered":"\n<div class=\"wp-block-cover alignfull wp-duotone-unset-1\" style=\"min-height:720px;aspect-ratio:unset;\"><img loading=\"lazy\" decoding=\"async\" width=\"2560\" height=\"898\" class=\"wp-block-cover__image-background wp-image-63 size-full\" alt=\"Wheelparks - For all riders\" src=\"https:\/\/www.skateparks-transalp.fr\/wp-content\/uploads\/2025\/06\/Wheelparks_demande_skatepark_mairie-scaled.jpg\" data-object-fit=\"cover\" srcset=\"https:\/\/www.skateparks-transalp.fr\/wp-content\/uploads\/2025\/06\/Wheelparks_demande_skatepark_mairie-scaled.jpg 2560w, https:\/\/www.skateparks-transalp.fr\/wp-content\/uploads\/2025\/06\/Wheelparks_demande_skatepark_mairie-300x105.jpg 300w, https:\/\/www.skateparks-transalp.fr\/wp-content\/uploads\/2025\/06\/Wheelparks_demande_skatepark_mairie-1024x359.jpg 1024w, https:\/\/www.skateparks-transalp.fr\/wp-content\/uploads\/2025\/06\/Wheelparks_demande_skatepark_mairie-768x270.jpg 768w, https:\/\/www.skateparks-transalp.fr\/wp-content\/uploads\/2025\/06\/Wheelparks_demande_skatepark_mairie-1536x539.jpg 1536w, https:\/\/www.skateparks-transalp.fr\/wp-content\/uploads\/2025\/06\/Wheelparks_demande_skatepark_mairie-2048x719.jpg 2048w\" sizes=\"auto, (max-width: 2560px) 100vw, 2560px\" \/><span aria-hidden=\"true\" class=\"wp-block-cover__background has-background-dim\"><\/span><div class=\"wp-block-cover__inner-container is-layout-flow wp-block-cover-is-layout-flow\">\n<div class=\"inherit-container-width wp-block-group alignwide is-layout-constrained wp-block-group-is-layout-constrained\">\n<h2 class=\"wp-block-heading has-text-align-center has-ast-global-color-5-color has-text-color has-link-color wp-elements-46c015cafcf1d12afa700a2ede776ac4\">DEMANDEZ VOTRE PARK EN MAIRIE.<\/h2>\n\n\n\n<p class=\"has-text-align-center has-ast-global-color-5-color has-text-color has-link-color wp-elements-f12baaf031bd8973db47b533a3ec12b2\">Notre d\u00e9fi est de vous aider \u00e0 cr\u00e9er des am\u00e9nagements populaires, sportifs, s\u00e9curis\u00e9s et valoris\u00e9s par la Communaut\u00e9.<\/p>\n<\/div>\n<\/div><\/div>\n\n\n\n<p class=\"has-white-color has-text-color has-link-color wp-elements-8cccfd130e24bb6d074f9d1a40f23cbd\">Wheelparks &#8211; Demande de park en mairie<\/p>\n\n\n\n<h2 class=\"wp-block-heading has-text-align-center\">Portez votre projet !<\/h2>\n\n\n\n<div class=\"wp-block-media-text is-stacked-on-mobile\" style=\"grid-template-columns:38% auto\"><figure class=\"wp-block-media-text__media\"><img loading=\"lazy\" decoding=\"async\" width=\"1024\" height=\"1024\" src=\"https:\/\/www.skateparks-transalp.fr\/wp-content\/uploads\/2025\/06\/Wheelparks_demande_skatepark_mairie_riders-1024x1024.jpg\" alt=\"Wheelparks - Demande Park Mairie\" class=\"wp-image-140 size-full\" srcset=\"https:\/\/www.skateparks-transalp.fr\/wp-content\/uploads\/2025\/06\/Wheelparks_demande_skatepark_mairie_riders-1024x1024.jpg 1024w, https:\/\/www.skateparks-transalp.fr\/wp-content\/uploads\/2025\/06\/Wheelparks_demande_skatepark_mairie_riders-300x300.jpg 300w, https:\/\/www.skateparks-transalp.fr\/wp-content\/uploads\/2025\/06\/Wheelparks_demande_skatepark_mairie_riders-150x150.jpg 150w, https:\/\/www.skateparks-transalp.fr\/wp-content\/uploads\/2025\/06\/Wheelparks_demande_skatepark_mairie_riders-768x768.jpg 768w, https:\/\/www.skateparks-transalp.fr\/wp-content\/uploads\/2025\/06\/Wheelparks_demande_skatepark_mairie_riders-1536x1536.jpg 1536w, https:\/\/www.skateparks-transalp.fr\/wp-content\/uploads\/2025\/06\/Wheelparks_demande_skatepark_mairie_riders-2048x2048.jpg 2048w\" sizes=\"auto, (max-width: 1024px) 100vw, 1024px\" \/><\/figure><div class=\"wp-block-media-text__content\">\n<p>Riders, crew, associations, MJC&#8230;<br>Pour vous aider \u00e0 formaliser votre projet et r\u00e9aliser votre demande de park en mairie, Transalp met \u00e0 votre disposition un dossier type t\u00e9l\u00e9chargeable ci-dessous. Il permettra \u00e0 vos \u00e9lus de comprendre le concept le mieux adapt\u00e9s \u00e0 vos besoins singuliers et quels moyens envisager pour y r\u00e9pondre.<\/p>\n\n\n\n<p>Nous vous recommandons de compl\u00e9ter ce dossier en y associant les c.o.d.e. du skatepark. Ces productions ont \u00e9t\u00e9 r\u00e9alis\u00e9es dans le cadre de la campagne \u00ab\u00a0Partageons le skatepark\u00a0\u00bb \u00e0 l&rsquo;initiative du Minist\u00e8re en charge des Sports.<\/p>\n\n\n\n<div class=\"wp-block-buttons is-layout-flex wp-block-buttons-is-layout-flex\">\n<div class=\"wp-block-button\"><a class=\"wp-block-button__link wp-element-button\" href=\"https:\/\/www.skateparks-transalp.fr\/wp-content\/uploads\/2025\/06\/Dossier_Demande_Park_Mairie-2025.docx\" target=\"_blank\" rel=\"noreferrer noopener\">T\u00e9l\u00e9charger le dossier de demande<\/a><\/div>\n\n\n\n<div class=\"wp-block-button\"><a class=\"wp-block-button__link wp-element-button\" href=\"https:\/\/www.calameo.com\/read\/005329725883ab135b300\" target=\"_blank\" rel=\"noreferrer noopener\">Consulter le guide C.O.D.E. du skatepark<\/a><\/div>\n<\/div>\n<\/div><\/div>\n\n\n\n<div class=\"wp-block-group alignfull has-ast-global-color-6-background-color has-background is-layout-constrained wp-container-core-group-is-layout-aecb9df3 wp-block-group-is-layout-constrained\" id=\"contact\" style=\"padding-top:104px;padding-bottom:104px;background-image:url(&apos;https:\/\/www.skateparks-transalp.fr\/wp-content\/uploads\/2025\/06\/Wheelparks_Equipements-scaled.jpg&apos;);background-position:50% 19%;background-size:cover;\">\n<h2 class=\"wp-block-heading has-text-align-center has-text-color\" style=\"color:#ffffff\">Nos parks<\/h2>\n\n\n\n<p class=\"has-text-align-center has-ast-global-color-5-color has-text-color has-link-color wp-elements-c70d995cf79691fb2e8d603f83cea6a8\">Des r\u00e9alisations en modulaire ou en b\u00e9ton, partout en France.<\/p>\n\n\n\n<div class=\"wp-block-buttons alignwide is-horizontal is-content-justification-center is-layout-flex wp-container-core-buttons-is-layout-bba8380a wp-block-buttons-is-layout-flex\" style=\"margin-top:50px\">\n<div class=\"wp-block-button is-style-fill\"><a class=\"wp-block-button__link wp-element-button\" href=\"https:\/\/www.skateparks-transalp.fr\/index.php\/wheelparks-nos-parks\/\">Voir les parks<\/a><\/div>\n<\/div>\n<\/div>\n\n\n\n<h2 class=\"wp-block-heading has-text-align-center\">Combinez les offres, d\u00e9multipliez les possibilit\u00e9s !<\/h2>\n\n\n\n<div class=\"wp-block-media-text is-stacked-on-mobile\" style=\"grid-template-columns:32% auto\"><figure class=\"wp-block-media-text__media\"><img loading=\"lazy\" decoding=\"async\" width=\"1024\" height=\"1024\" src=\"https:\/\/www.skateparks-transalp.fr\/wp-content\/uploads\/2025\/06\/Wheelparks_demande_skatepark_mairie_contact-1024x1024.jpg\" alt=\"Wheelparks - Demande Park Mairie\" class=\"wp-image-143 size-full\" srcset=\"https:\/\/www.skateparks-transalp.fr\/wp-content\/uploads\/2025\/06\/Wheelparks_demande_skatepark_mairie_contact-1024x1024.jpg 1024w, https:\/\/www.skateparks-transalp.fr\/wp-content\/uploads\/2025\/06\/Wheelparks_demande_skatepark_mairie_contact-300x300.jpg 300w, https:\/\/www.skateparks-transalp.fr\/wp-content\/uploads\/2025\/06\/Wheelparks_demande_skatepark_mairie_contact-150x150.jpg 150w, https:\/\/www.skateparks-transalp.fr\/wp-content\/uploads\/2025\/06\/Wheelparks_demande_skatepark_mairie_contact-768x768.jpg 768w, https:\/\/www.skateparks-transalp.fr\/wp-content\/uploads\/2025\/06\/Wheelparks_demande_skatepark_mairie_contact.jpg 1267w\" sizes=\"auto, (max-width: 1024px) 100vw, 1024px\" \/><\/figure><div class=\"wp-block-media-text__content\">\n<p>En fonction de vos id\u00e9es et de votre projet, notre bureau d&rsquo;\u00e9tude peut combiner diff\u00e9rentes solutions techniques pour proposer des configurations singuli\u00e8res qui exploitent leurs avantages respectifs.<\/p>\n\n\n\n<p>N&rsquo;h\u00e9sitez pas \u00e0 nous contacter pour tout conseil ou pour une r\u00e9alisation.<\/p>\n\n\n\n<div class=\"wp-block-buttons is-layout-flex wp-block-buttons-is-layout-flex\">\n<div class=\"wp-block-button\"><a class=\"wp-block-button__link wp-element-button\" href=\"mailto:info@transalp.fr\" target=\"_blank\" rel=\"noreferrer noopener\">Nous contacter<\/a><\/div>\n<\/div>\n<\/div><\/div>\n\n\n\n<p><\/p>\n","protected":false},"excerpt":{"rendered":"<p>Wheelparks &#8211; Demande de park en mairie Portez votre projet ! Nos parks Des r\u00e9alisations en modulaire ou en b\u00e9ton, [&hellip;]<\/p>\n","protected":false},"author":1,"featured_media":0,"parent":0,"menu_order":0,"comment_status":"closed","ping_status":"closed","template":"","meta":{"site-sidebar-layout":"no-sidebar","site-content-layout":"plain-container","ast-site-content-layout":"default","site-content-style":"default","site-sidebar-style":"default","ast-global-header-display":"","ast-banner-title-visibility":"","ast-main-header-display":"","ast-hfb-above-header-display":"","ast-hfb-below-header-display":"","ast-hfb-mobile-header-display":"","site-post-title":"disabled","ast-breadcrumbs-content":"","ast-featured-img":"","footer-sml-layout":"","theme-transparent-header-meta":"enabled","adv-header-id-meta":"","stick-header-meta":"","header-above-stick-meta":"","header-main-stick-meta":"","header-below-stick-meta":"","astra-migrate-meta-layouts":"default","ast-page-background-enabled":"default","ast-page-background-meta":{"desktop":{"background-color":"var(--ast-global-color-5)","background-image":"","background-repeat":"repeat","background-position":"center center","background-size":"auto","background-attachment":"scroll","background-type":"","background-media":"","overlay-type":"","overlay-color":"","overlay-opacity":"","overlay-gradient":""},"tablet":{"background-color":"","background-image":"","background-repeat":"repeat","background-position":"center center","background-size":"auto","background-attachment":"scroll","background-type":"","background-media":"","overlay-type":"","overlay-color":"","overlay-opacity":"","overlay-gradient":""},"mobile":{"background-color":"","background-image":"","background-repeat":"repeat","background-position":"center center","background-size":"auto","background-attachment":"scroll","background-type":"","background-media":"","overlay-type":"","overlay-color":"","overlay-opacity":"","overlay-gradient":""}},"ast-content-background-meta":{"desktop":{"background-color":"var(--ast-global-color-4)","background-image":"","background-repeat":"repeat","background-position":"center center","background-size":"auto","background-attachment":"scroll","background-type":"","background-media":"","overlay-type":"","overlay-color":"","overlay-opacity":"","overlay-gradient":""},"tablet":{"background-color":"var(--ast-global-color-4)","background-image":"","background-repeat":"repeat","background-position":"center center","background-size":"auto","background-attachment":"scroll","background-type":"","background-media":"","overlay-type":"","overlay-color":"","overlay-opacity":"","overlay-gradient":""},"mobile":{"background-color":"var(--ast-global-color-4)","background-image":"","background-repeat":"repeat","background-position":"center center","background-size":"auto","background-attachment":"scroll","background-type":"","background-media":"","overlay-type":"","overlay-color":"","overlay-opacity":"","overlay-gradient":""}},"footnotes":""},"class_list":["post-117","page","type-page","status-publish","hentry"],"yoast_head":"<!-- This site is optimized with the Yoast SEO plugin v25.3.1 - https:\/\/yoast.com\/wordpress\/plugins\/seo\/ -->\n<title>Wheelparks - Demande de park en mairie - Wheelparks<\/title>\n<meta name=\"description\" content=\"Wheelparks - Demande de park en mairie | Nous vous aidons \u00e0 cr\u00e9er des am\u00e9nagements populaires, sportifs, s\u00e9curis\u00e9s.\" \/>\n<meta name=\"robots\" content=\"index, follow, max-snippet:-1, max-image-preview:large, max-video-preview:-1\" \/>\n<link rel=\"canonical\" href=\"https:\/\/www.skateparks-transalp.fr\/index.php\/wheelparks-demande-de-park-en-mairie\/\" \/>\n<meta property=\"og:locale\" content=\"fr_FR\" \/>\n<meta property=\"og:type\" content=\"article\" \/>\n<meta property=\"og:title\" content=\"Wheelparks - Demande de park en mairie - Wheelparks\" \/>\n<meta property=\"og:description\" content=\"Wheelparks - Demande de park en mairie | Nous vous aidons \u00e0 cr\u00e9er des am\u00e9nagements populaires, sportifs, s\u00e9curis\u00e9s.\" \/>\n<meta property=\"og:url\" content=\"https:\/\/www.skateparks-transalp.fr\/index.php\/wheelparks-demande-de-park-en-mairie\/\" \/>\n<meta property=\"og:site_name\" content=\"Wheelparks\" \/>\n<meta property=\"article:modified_time\" content=\"2025-09-04T13:35:19+00:00\" \/>\n<meta property=\"og:image\" content=\"https:\/\/www.skateparks-transalp.fr\/wp-content\/uploads\/2025\/06\/Wheelparks_demande_skatepark_mairie-scaled.jpg\" \/>\n\t<meta property=\"og:image:width\" content=\"2560\" \/>\n\t<meta property=\"og:image:height\" content=\"898\" \/>\n\t<meta property=\"og:image:type\" content=\"image\/jpeg\" \/>\n<meta name=\"twitter:card\" content=\"summary_large_image\" \/>\n<meta name=\"twitter:label1\" content=\"Dur\u00e9e de lecture estim\u00e9e\" \/>\n\t<meta name=\"twitter:data1\" content=\"2 minutes\" \/>\n<script type=\"application\/ld+json\" class=\"yoast-schema-graph\">{\"@context\":\"https:\/\/schema.org\",\"@graph\":[{\"@type\":\"WebPage\",\"@id\":\"https:\/\/www.skateparks-transalp.fr\/index.php\/wheelparks-demande-de-park-en-mairie\/\",\"url\":\"https:\/\/www.skateparks-transalp.fr\/index.php\/wheelparks-demande-de-park-en-mairie\/\",\"name\":\"Wheelparks - Demande de park en mairie - Wheelparks\",\"isPartOf\":{\"@id\":\"https:\/\/www.skateparks-transalp.fr\/#website\"},\"primaryImageOfPage\":{\"@id\":\"https:\/\/www.skateparks-transalp.fr\/index.php\/wheelparks-demande-de-park-en-mairie\/#primaryimage\"},\"image\":{\"@id\":\"https:\/\/www.skateparks-transalp.fr\/index.php\/wheelparks-demande-de-park-en-mairie\/#primaryimage\"},\"thumbnailUrl\":\"https:\/\/www.skateparks-transalp.fr\/wp-content\/uploads\/2025\/06\/Wheelparks_demande_skatepark_mairie-scaled.jpg\",\"datePublished\":\"2025-06-10T08:38:04+00:00\",\"dateModified\":\"2025-09-04T13:35:19+00:00\",\"description\":\"Wheelparks - Demande de park en mairie | Nous vous aidons \u00e0 cr\u00e9er des am\u00e9nagements populaires, sportifs, s\u00e9curis\u00e9s.\",\"breadcrumb\":{\"@id\":\"https:\/\/www.skateparks-transalp.fr\/index.php\/wheelparks-demande-de-park-en-mairie\/#breadcrumb\"},\"inLanguage\":\"fr-FR\",\"potentialAction\":[{\"@type\":\"ReadAction\",\"target\":[\"https:\/\/www.skateparks-transalp.fr\/index.php\/wheelparks-demande-de-park-en-mairie\/\"]}]},{\"@type\":\"ImageObject\",\"inLanguage\":\"fr-FR\",\"@id\":\"https:\/\/www.skateparks-transalp.fr\/index.php\/wheelparks-demande-de-park-en-mairie\/#primaryimage\",\"url\":\"https:\/\/www.skateparks-transalp.fr\/wp-content\/uploads\/2025\/06\/Wheelparks_demande_skatepark_mairie-scaled.jpg\",\"contentUrl\":\"https:\/\/www.skateparks-transalp.fr\/wp-content\/uploads\/2025\/06\/Wheelparks_demande_skatepark_mairie-scaled.jpg\",\"width\":2560,\"height\":898,\"caption\":\"Wheelparks - For all riders\"},{\"@type\":\"BreadcrumbList\",\"@id\":\"https:\/\/www.skateparks-transalp.fr\/index.php\/wheelparks-demande-de-park-en-mairie\/#breadcrumb\",\"itemListElement\":[{\"@type\":\"ListItem\",\"position\":1,\"name\":\"Accueil\",\"item\":\"https:\/\/www.skateparks-transalp.fr\/\"},{\"@type\":\"ListItem\",\"position\":2,\"name\":\"Wheelparks &#8211; Demande de park en mairie\"}]},{\"@type\":\"WebSite\",\"@id\":\"https:\/\/www.skateparks-transalp.fr\/#website\",\"url\":\"https:\/\/www.skateparks-transalp.fr\/\",\"name\":\"Wheelparks\",\"description\":\"\u00c9quipements de skatepark par Transalp\",\"publisher\":{\"@id\":\"https:\/\/www.skateparks-transalp.fr\/#organization\"},\"potentialAction\":[{\"@type\":\"SearchAction\",\"target\":{\"@type\":\"EntryPoint\",\"urlTemplate\":\"https:\/\/www.skateparks-transalp.fr\/?s={search_term_string}\"},\"query-input\":{\"@type\":\"PropertyValueSpecification\",\"valueRequired\":true,\"valueName\":\"search_term_string\"}}],\"inLanguage\":\"fr-FR\"},{\"@type\":\"Organization\",\"@id\":\"https:\/\/www.skateparks-transalp.fr\/#organization\",\"name\":\"Wheelparks\",\"url\":\"https:\/\/www.skateparks-transalp.fr\/\",\"logo\":{\"@type\":\"ImageObject\",\"inLanguage\":\"fr-FR\",\"@id\":\"https:\/\/www.skateparks-transalp.fr\/#\/schema\/logo\/image\/\",\"url\":\"https:\/\/www.skateparks-transalp.fr\/wp-content\/uploads\/2025\/06\/cropped-logo-WHEELPARKS-transalp-jaune-blanc-scaled-1.png\",\"contentUrl\":\"https:\/\/www.skateparks-transalp.fr\/wp-content\/uploads\/2025\/06\/cropped-logo-WHEELPARKS-transalp-jaune-blanc-scaled-1.png\",\"width\":2560,\"height\":621,\"caption\":\"Wheelparks\"},\"image\":{\"@id\":\"https:\/\/www.skateparks-transalp.fr\/#\/schema\/logo\/image\/\"}}]}<\/script>\n<!-- \/ Yoast SEO plugin. -->","yoast_head_json":{"title":"Wheelparks - Demande de park en mairie - Wheelparks","description":"Wheelparks - Demande de park en mairie | Nous vous aidons \u00e0 cr\u00e9er des am\u00e9nagements populaires, sportifs, s\u00e9curis\u00e9s.","robots":{"index":"index","follow":"follow","max-snippet":"max-snippet:-1","max-image-preview":"max-image-preview:large","max-video-preview":"max-video-preview:-1"},"canonical":"https:\/\/www.skateparks-transalp.fr\/index.php\/wheelparks-demande-de-park-en-mairie\/","og_locale":"fr_FR","og_type":"article","og_title":"Wheelparks - Demande de park en mairie - Wheelparks","og_description":"Wheelparks - Demande de park en mairie | Nous vous aidons \u00e0 cr\u00e9er des am\u00e9nagements populaires, sportifs, s\u00e9curis\u00e9s.","og_url":"https:\/\/www.skateparks-transalp.fr\/index.php\/wheelparks-demande-de-park-en-mairie\/","og_site_name":"Wheelparks","article_modified_time":"2025-09-04T13:35:19+00:00","og_image":[{"width":2560,"height":898,"url":"https:\/\/www.skateparks-transalp.fr\/wp-content\/uploads\/2025\/06\/Wheelparks_demande_skatepark_mairie-scaled.jpg","type":"image\/jpeg"}],"twitter_card":"summary_large_image","twitter_misc":{"Dur\u00e9e de lecture estim\u00e9e":"2 minutes"},"schema":{"@context":"https:\/\/schema.org","@graph":[{"@type":"WebPage","@id":"https:\/\/www.skateparks-transalp.fr\/index.php\/wheelparks-demande-de-park-en-mairie\/","url":"https:\/\/www.skateparks-transalp.fr\/index.php\/wheelparks-demande-de-park-en-mairie\/","name":"Wheelparks - Demande de park en mairie - Wheelparks","isPartOf":{"@id":"https:\/\/www.skateparks-transalp.fr\/#website"},"primaryImageOfPage":{"@id":"https:\/\/www.skateparks-transalp.fr\/index.php\/wheelparks-demande-de-park-en-mairie\/#primaryimage"},"image":{"@id":"https:\/\/www.skateparks-transalp.fr\/index.php\/wheelparks-demande-de-park-en-mairie\/#primaryimage"},"thumbnailUrl":"https:\/\/www.skateparks-transalp.fr\/wp-content\/uploads\/2025\/06\/Wheelparks_demande_skatepark_mairie-scaled.jpg","datePublished":"2025-06-10T08:38:04+00:00","dateModified":"2025-09-04T13:35:19+00:00","description":"Wheelparks - Demande de park en mairie | Nous vous aidons \u00e0 cr\u00e9er des am\u00e9nagements populaires, sportifs, s\u00e9curis\u00e9s.","breadcrumb":{"@id":"https:\/\/www.skateparks-transalp.fr\/index.php\/wheelparks-demande-de-park-en-mairie\/#breadcrumb"},"inLanguage":"fr-FR","potentialAction":[{"@type":"ReadAction","target":["https:\/\/www.skateparks-transalp.fr\/index.php\/wheelparks-demande-de-park-en-mairie\/"]}]},{"@type":"ImageObject","inLanguage":"fr-FR","@id":"https:\/\/www.skateparks-transalp.fr\/index.php\/wheelparks-demande-de-park-en-mairie\/#primaryimage","url":"https:\/\/www.skateparks-transalp.fr\/wp-content\/uploads\/2025\/06\/Wheelparks_demande_skatepark_mairie-scaled.jpg","contentUrl":"https:\/\/www.skateparks-transalp.fr\/wp-content\/uploads\/2025\/06\/Wheelparks_demande_skatepark_mairie-scaled.jpg","width":2560,"height":898,"caption":"Wheelparks - For all riders"},{"@type":"BreadcrumbList","@id":"https:\/\/www.skateparks-transalp.fr\/index.php\/wheelparks-demande-de-park-en-mairie\/#breadcrumb","itemListElement":[{"@type":"ListItem","position":1,"name":"Accueil","item":"https:\/\/www.skateparks-transalp.fr\/"},{"@type":"ListItem","position":2,"name":"Wheelparks &#8211; Demande de park en mairie"}]},{"@type":"WebSite","@id":"https:\/\/www.skateparks-transalp.fr\/#website","url":"https:\/\/www.skateparks-transalp.fr\/","name":"Wheelparks","description":"\u00c9quipements de skatepark par Transalp","publisher":{"@id":"https:\/\/www.skateparks-transalp.fr\/#organization"},"potentialAction":[{"@type":"SearchAction","target":{"@type":"EntryPoint","urlTemplate":"https:\/\/www.skateparks-transalp.fr\/?s={search_term_string}"},"query-input":{"@type":"PropertyValueSpecification","valueRequired":true,"valueName":"search_term_string"}}],"inLanguage":"fr-FR"},{"@type":"Organization","@id":"https:\/\/www.skateparks-transalp.fr\/#organization","name":"Wheelparks","url":"https:\/\/www.skateparks-transalp.fr\/","logo":{"@type":"ImageObject","inLanguage":"fr-FR","@id":"https:\/\/www.skateparks-transalp.fr\/#\/schema\/logo\/image\/","url":"https:\/\/www.skateparks-transalp.fr\/wp-content\/uploads\/2025\/06\/cropped-logo-WHEELPARKS-transalp-jaune-blanc-scaled-1.png","contentUrl":"https:\/\/www.skateparks-transalp.fr\/wp-content\/uploads\/2025\/06\/cropped-logo-WHEELPARKS-transalp-jaune-blanc-scaled-1.png","width":2560,"height":621,"caption":"Wheelparks"},"image":{"@id":"https:\/\/www.skateparks-transalp.fr\/#\/schema\/logo\/image\/"}}]}},"_links":{"self":[{"href":"https:\/\/www.skateparks-transalp.fr\/index.php\/wp-json\/wp\/v2\/pages\/117","targetHints":{"allow":["GET"]}}],"collection":[{"href":"https:\/\/www.skateparks-transalp.fr\/index.php\/wp-json\/wp\/v2\/pages"}],"about":[{"href":"https:\/\/www.skateparks-transalp.fr\/index.php\/wp-json\/wp\/v2\/types\/page"}],"author":[{"embeddable":true,"href":"https:\/\/www.skateparks-transalp.fr\/index.php\/wp-json\/wp\/v2\/users\/1"}],"replies":[{"embeddable":true,"href":"https:\/\/www.skateparks-transalp.fr\/index.php\/wp-json\/wp\/v2\/comments?post=117"}],"version-history":[{"count":4,"href":"https:\/\/www.skateparks-transalp.fr\/index.php\/wp-json\/wp\/v2\/pages\/117\/revisions"}],"predecessor-version":[{"id":274,"href":"https:\/\/www.skateparks-transalp.fr\/index.php\/wp-json\/wp\/v2\/pages\/117\/revisions\/274"}],"wp:attachment":[{"href":"https:\/\/www.skateparks-transalp.fr\/index.php\/wp-json\/wp\/v2\/media?parent=117"}],"curies":[{"name":"wp","href":"https:\/\/api.w.org\/{rel}","templated":true}]}}